{"id":475,"date":"2025-06-20T15:04:46","date_gmt":"2025-06-20T15:04:46","guid":{"rendered":"https:\/\/rehasportbrettenev.de\/?page_id=475"},"modified":"2025-06-20T15:36:19","modified_gmt":"2025-06-20T15:36:19","slug":"datenschutz","status":"publish","type":"page","link":"https:\/\/rehasportbrettenev.de\/index.php\/datenschutz\/","title":{"rendered":"Datenschutz"},"content":{"rendered":"\t\t<div data-elementor-type=\"wp-page\" data-elementor-id=\"475\" class=\"elementor elementor-475\">\n\t\t\t\t<div class=\"elementor-element elementor-element-be8681f e-flex e-con-boxed e-con e-parent\" data-id=\"be8681f\" data-element_type=\"container\" data-e-type=\"container\">\n\t\t\t\t\t<div class=\"e-con-inner\">\n\t\t\t\t<div class=\"elementor-element elementor-element-ced95ef elementor-widget elementor-widget-heading\" data-id=\"ced95ef\" data-element_type=\"widget\" data-e-type=\"widget\" data-widget_type=\"heading.default\">\n\t\t\t\t<div class=\"elementor-widget-container\">\n\t\t\t\t\t<h1 class=\"elementor-heading-title elementor-size-default\">Datenschutz  erkl\u00e4rung<\/h1>\t\t\t\t<\/div>\n\t\t\t\t<\/div>\n\t\t\t\t<div class=\"elementor-element elementor-element-8324228 elementor-widget elementor-widget-text-editor\" data-id=\"8324228\" data-element_type=\"widget\" data-e-type=\"widget\" data-widget_type=\"text-editor.default\">\n\t\t\t\t<div class=\"elementor-widget-container\">\n\t\t\t\t\t\t\t\t\t<p>Personenbezogene Daten (nachfolgend zumeist nur \u201eDaten\u201c genannt) werden von uns nur im Rahmen der Erforderlichkeit sowie zum Zwecke der Bereitstellung eines funktionsf\u00e4higen und nutzerfreundlichen Internetauftritts, inklusive seiner Inhalte und der dort angebotenen Leistungen, verarbeitet.<\/p><p>Gem\u00e4\u00df Art. 4 Ziffer 1. der Verordnung (EU) 2016\/679, also der Datenschutz-Grundverordnung (nachfolgend nur \u201eDSGVO\u201c genannt), gilt als \u201eVerarbeitung\u201c jeder mit oder ohne Hilfe automatisierter Verfahren ausgef\u00fchrter Vorgang oder jede solche Vorgangsreihe im Zusammenhang mit personenbezogenen Daten, wie das Erheben, das Erfassen, die Organisation, das Ordnen, die Speicherung, die Anpassung oder Ver\u00e4nderung, das Auslesen, das Abfragen, die Verwendung, die Offenlegung durch \u00dcbermittlung, Verbreitung oder eine andere Form der Bereitstellung, den Abgleich oder die Verkn\u00fcpfung, die Einschr\u00e4nkung, das L\u00f6schen oder die Vernichtung.<\/p><p>Mit der nachfolgenden Datenschutzerkl\u00e4rung informieren wir Sie insbesondere \u00fcber Art, Umfang, Zweck, Dauer und Rechtsgrundlage der Verarbeitung personenbezogener Daten, soweit wir entweder allein oder gemeinsam mit anderen \u00fcber die Zwecke und Mittel der Verarbeitung entscheiden. Zudem informieren wir Sie nachfolgend \u00fcber die von uns zu Optimierungszwecken sowie zur Steigerung der Nutzungsqualit\u00e4t eingesetzten Fremdkomponenten, soweit hierdurch Dritte Daten in wiederum eigener Verantwortung verarbeiten.<\/p><p>Unsere Datenschutzerkl\u00e4rung ist wie folgt gegliedert:<\/p><p>I. Informationen \u00fcber uns als Verantwortliche<br \/>II. Rechte der Nutzer und Betroffenen<br \/>III. Informationen zur Datenverarbeitung<\/p><h2 class=\"wp-block-heading\">I. Informationen \u00fcber uns als Verantwortliche<\/h2><p>Verantwortlicher Anbieter dieses Internetauftritts im datenschutzrechtlichen Sinne ist:<\/p><p>Reha Sport Bretten e.V<br \/>Verena Stalder-Eckert<br \/>Zwickerweg 10<br \/>75015 Bretten<\/p><p>Telefon: 0160 6108854<br \/>E-Mail: rehasportbrettenev@web.de<\/p><h2><strong>2. Hosting<\/strong><\/h2><p>Wir hosten die Inhalte unserer Website bei folgendem Anbieter:<\/p><h5><strong>Externes Hosting<\/strong><\/h5><p>Diese Website wird extern gehostet. Die personenbezogenen Daten, die auf dieser Website erfasst werden, werden auf den Servern des Hosters \/ der Hoster gespeichert. Hierbei kann es sich v.\u00a0a. um IP-Adressen, Kontaktanfragen, Meta- und Kommunikationsdaten, Vertragsdaten, Kontaktdaten, Namen, Websitezugriffe und sonstige Daten, die \u00fcber eine Website generiert werden, handeln.<\/p><p>Das externe Hosting erfolgt zum Zwecke der Vertragserf\u00fcllung gegen\u00fcber unseren potenziellen und bestehenden Kunden (Art. 6 Abs. 1 lit. b DSGVO) und im Interesse einer sicheren, schnellen und effizienten Bereitstellung unseres Online-Angebots durch einen professionellen Anbieter (Art. 6 Abs. 1 lit. f DSGVO). Sofern eine entsprechende Einwilligung abgefragt wurde, erfolgt die Verarbeitung ausschlie\u00dflich auf Grundlage von Art. 6 Abs. 1 lit. a DSGVO und \u00a7 25 Abs. 1 TTDSG, soweit die Einwilligung die Speicherung von Cookies oder den Zugriff auf Informationen im Endger\u00e4t des Nutzers (z.\u00a0B. Device-Fingerprinting) im Sinne des TTDSG umfasst. Die Einwilligung ist jederzeit widerrufbar.<\/p><p>Unser(e) Hoster wird bzw. werden Ihre Daten nur insoweit verarbeiten, wie dies zur Erf\u00fcllung seiner Leistungspflichten erforderlich ist und unsere Weisungen in Bezug auf diese Daten befolgen.<\/p><p>Wir setzen folgende(n) Hoster ein:<\/p><p>dogado GmbH<br \/>Antonio-Segni-Stra\u00dfe 11<br \/>D-44263 Dortmund<\/p><h5><strong>Auftragsverarbeitung<\/strong><\/h5><p>Wir haben einen Vertrag \u00fcber Auftragsverarbeitung (AVV) zur Nutzung des oben genannten Dienstes geschlossen. Hierbei handelt es sich um einen datenschutzrechtlich vorgeschriebenen Vertrag, der gew\u00e4hrleistet, dass dieser die personenbezogenen Daten unserer Websitebesucher nur nach unseren Weisungen und unter Einhaltung der DSGVO verarbeitet.<\/p><h2 class=\"wp-block-heading\">II. Rechte der Nutzer und Betroffenen<\/h2><p>Mit Blick auf die nachfolgend noch n\u00e4her beschriebene Datenverarbeitung haben die Nutzer und Betroffenen das Recht<\/p><ul class=\"wp-block-list\"><li>auf Best\u00e4tigung, ob sie betreffende Daten verarbeitet werden, auf Auskunft \u00fcber die verarbeiteten Daten, auf weitere Informationen \u00fcber die Datenverarbeitung sowie auf Kopien der Daten (vgl. auch Art. 15 DSGVO);<\/li><li>auf Berichtigung oder Vervollst\u00e4ndigung unrichtiger bzw. unvollst\u00e4ndiger Daten (vgl. auch Art. 16 DSGVO);<\/li><li>auf unverz\u00fcgliche L\u00f6schung der sie betreffenden Daten (vgl. auch Art. 17 DSGVO), oder, alternativ, soweit eine weitere Verarbeitung gem\u00e4\u00df Art. 17 Abs. 3 DSGVO erforderlich ist, auf Einschr\u00e4nkung der Verarbeitung nach Ma\u00dfgabe von Art. 18 DSGVO;<\/li><li>auf Erhalt der sie betreffenden und von ihnen bereitgestellten Daten und auf \u00dcbermittlung dieser Daten an andere Anbieter\/Verantwortliche (vgl. auch Art. 20 DSGVO);<\/li><li>auf Beschwerde gegen\u00fcber der Aufsichtsbeh\u00f6rde, sofern sie der Ansicht sind, dass die sie betreffenden Daten durch den Anbieter unter Versto\u00df gegen datenschutzrechtliche Bestimmungen verarbeitet werden (vgl. auch Art. 77 DSGVO).<\/li><\/ul><p>Dar\u00fcber hinaus ist der Anbieter dazu verpflichtet, alle Empf\u00e4nger, denen gegen\u00fcber Daten durch den Anbieter offengelegt worden sind, \u00fcber jedwede Berichtigung oder L\u00f6schung von Daten oder die Einschr\u00e4nkung der Verarbeitung, die aufgrund der Artikel 16, 17 Abs. 1, 18 DSGVO erfolgt, zu unterrichten. Diese Verpflichtung besteht jedoch nicht, soweit diese Mitteilung unm\u00f6glich oder mit einem unverh\u00e4ltnism\u00e4\u00dfigen Aufwand verbunden ist. Unbeschadet dessen hat der Nutzer ein Recht auf Auskunft \u00fcber diese Empf\u00e4nger.<\/p><p><strong>Ebenfalls haben die Nutzer und Betroffenen nach Art. 21 DSGVO das Recht auf Widerspruch gegen die k\u00fcnftige Verarbeitung der sie betreffenden Daten, sofern die Daten durch den Anbieter nach Ma\u00dfgabe von Art. 6 Abs. 1 lit. f) DSGVO verarbeitet werden. Insbesondere ist ein Widerspruch gegen die Datenverarbeitung zum Zwecke der Direktwerbung statthaft.<\/strong><\/p><h2 class=\"wp-block-heading\">III. Informationen zur Datenverarbeitung<\/h2><p>Ihre bei Nutzung unseres Internetauftritts verarbeiteten Daten werden gel\u00f6scht oder gesperrt, sobald der Zweck der Speicherung entf\u00e4llt, der L\u00f6schung der Daten keine gesetzlichen Aufbewahrungspflichten entgegenstehen und nachfolgend keine anderslautenden Angaben zu einzelnen Verarbeitungsverfahren gemacht werden.<\/p><h2><strong>Google Fonts<\/strong><\/h2><p>Diese Seite nutzt zur einheitlichen Darstellung von Schriftarten so genannte Google Fonts, die von Google bereitgestellt werden. Beim Aufruf einer Seite l\u00e4dt Ihr Browser die ben\u00f6tigten Fonts in ihren Browsercache, um Texte und Schriftarten korrekt anzuzeigen.<\/p><p>Zu diesem Zweck muss der von Ihnen verwendete Browser Verbindung zu den Servern von Google aufnehmen. Hierdurch erlangt Google Kenntnis dar\u00fcber, dass \u00fcber Ihre IP-Adresse diese Website aufgerufen wurde. Die Nutzung von Google Fonts erfolgt auf Grundlage von Art. 6 Abs. 1 lit. f DSGVO. Der Websitebetreiber hat ein berechtigtes Interesse an der einheitlichen Darstellung des Schriftbildes auf seiner Website. Sofern eine entsprechende Einwilligung abgefragt wurde, erfolgt die Verarbeitung ausschlie\u00dflich auf Grundlage von Art. 6 Abs. 1 lit. a DSGVO und \u00a7 25 Abs. 1 TTDSG, soweit die Einwilligung die Speicherung von Cookies oder den Zugriff auf Informationen im Endger\u00e4t des Nutzers (z.\u00a0B. Device-Fingerprinting) im Sinne des TTDSG umfasst. Die Einwilligung ist jederzeit widerrufbar.<\/p><p>Wenn Ihr Browser Google Fonts nicht unterst\u00fctzt, wird eine Standardschrift von Ihrem Computer genutzt.<\/p><p>Weitere Informationen zu Google Fonts finden Sie unter\u00a0<a href=\"https:\/\/developers.google.com\/fonts\/faq\" target=\"_blank\" rel=\"noopener noreferrer\">https:\/\/developers.google.com\/fonts\/faq<\/a>\u00a0und in der Datenschutzerkl\u00e4rung von Google:\u00a0<a href=\"https:\/\/policies.google.com\/privacy?hl=de\" target=\"_blank\" rel=\"noopener noreferrer\">https:\/\/policies.google.com\/privacy?hl=de<\/a>.<\/p><p>Das Unternehmen verf\u00fcgt \u00fcber eine Zertifizierung nach dem \u201eEU-US Data Privacy Framework\u201c (DPF). Der DPF ist ein \u00dcbereinkommen zwischen der Europ\u00e4ischen Union und den USA, der die Einhaltung europ\u00e4ischer Datenschutzstandards bei Datenverarbeitungen in den USA gew\u00e4hrleisten soll. Jedes nach dem DPF zertifizierte Unternehmen verpflichtet sich, diese Datenschutzstandards einzuhalten. Weitere Informationen hierzu erhalten Sie vom Anbieter unter folgendem Link:\u00a0<a href=\"https:\/\/www.dataprivacyframework.gov\/s\/participant-search\/participant-detail?contact=true&amp;id=a2zt000000001L5AAI&amp;status=Active\" target=\"_blank\" rel=\"noopener noreferrer\">https:\/\/www.dataprivacyframework.gov\/s\/participant-search\/participant-detail?contact=true&amp;id=a2zt000000001L5AAI&amp;status=Active<\/a><\/p><p>Quelle:\u00a0<a href=\"https:\/\/www.e-recht24.de\/\">https:\/\/www.e-recht24.de<\/a><\/p><h4 class=\"jet-listing-dynamic-field__content\">Google Analytics<\/h4><p>Wir nutzen auf unserer Webseite Google Analytics, einen Webanalysedienst der Firma Google Ireland Limited, Gordon House, Barrow Street, Dublin 4, Irland, einem Tochterunternehmen der Google LLC, 1600 Amphitheatre Parkway, Mountain View, CA 94043 USA, nachfolgend \u201eGoogle\u201c.<\/p><p>Google Analytics hilft uns dabei, die Nutzung der Website zu analysieren und die Effektivit\u00e4t unserer Marketing-Kampagnen zu messen. Rechtsgrundlage ist hierbei Art. 6 Abs. 1 lit. a DSGVO. Der Nutzer kann seine Einwilligung zur Nutzung von Google Analytics gem\u00e4\u00df Art. 7 Abs. 3 DSGVO jederzeit \u00fcber die \u201eCookie-Einstellungen\u201c unserer Webseite f\u00fcr die Zukunft widerrufen.<\/p><p>Informationen wie Zeit, Ort und H\u00e4ufigkeit der Webseitenbesuche sowie Interaktionen mit der Webseite (z. B. Klickpfade, gesehene\/angeklickte Anzeigen, Klicks auf Links) einschlie\u00dflich der IP-Adresse des Nutzers werden an einen Server von Google in den USA \u00fcbertragen und dort l\u00e4ngstens f\u00fcr 2 Monate gespeichert.<\/p><p>Google LLC ist Teil des \u201eData Privacy Framework\u201c, f\u00fcr das die EU-Kommission einen Angemessenheitsbeschluss gem\u00e4\u00df Art. 45 DSGVO erlassen hat:<\/p><p><a href=\"https:\/\/www.dataprivacyframework.gov\/list\" target=\"_blank\" rel=\"nofollow noopener\">https:\/\/www.dataprivacyframework.gov\/list<\/a><\/p><p>Google erfasst zudem \u201edemografische Merkmale\u201c und kann Statistiken erstellen, die Aussagen \u00fcber Alter, Geschlecht und Interessen der Seitenbesucher erm\u00f6glichen. Dies erfolgt durch die automatisierte Analyse von Werbung und Informationen von Drittanbietern.<\/p><p>Falls der Nutzer in seinem Google-Konto personalisierte Anzeigen aktiviert hat und Google Analytics zustimmt, kann Google das Nutzungsverhalten ger\u00e4te\u00fcbergreifend analysieren \u2013 also bezogen auf alle Ger\u00e4te, die der Nutzer mit seinem Google-Konto verkn\u00fcpft hat. Google erstellt dabei Modelle zu ger\u00e4te\u00fcbergreifenden Conversions; uns werden hierzu nur anonyme Statistiken \u00fcbermittelt, keine personenbezogenen Daten.<\/p><p>M\u00f6chte der Nutzer diese ger\u00e4te\u00fcbergreifende Analyse deaktivieren, kann er die Funktion \u201ePersonalisierte Werbung\u201c in den Einstellungen seines Google-Kontos unter folgendem Link ausschalten:<\/p><p><a href=\"https:\/\/support.google.com\/ads\/answer\/2662922?hl=de\" target=\"_blank\" rel=\"nofollow noopener\">https:\/\/support.google.com\/ads\/answer\/2662922?hl=de<\/a><\/p><p>Wir setzen Google Analytics mit einer Anonymisierungsfunktion ein. Dadurch wird die IP-Adresse des Nutzers von Google innerhalb der EU-Mitgliedstaaten oder in anderen Vertragsstaaten des EWR-Abkommens gek\u00fcrzt.<\/p><p>Google verwendet die erhobenen Daten, um den Webseitenbesuch des Nutzers auszuwerten und f\u00fcr uns Berichte \u00fcber die Websiteaktivit\u00e4ten zusammenzustellen. Die Daten werden au\u00dferdem genutzt, um weitere Dienstleistungen im Zusammenhang mit der Website- und Internetnutzung zu erbringen. Google kann diese Informationen gegebenenfalls an Dritte weitergeben, sofern gesetzlich erforderlich oder wenn Dritte diese Daten im Auftrag von Google verarbeiten.<\/p><p>Laut eigenen Angaben wird Google in keinem Fall die IP-Adresse des Nutzers mit anderen Daten von Google verkn\u00fcpfen. Weiterf\u00fchrende Informationen und M\u00f6glichkeiten zur Unterbindung der Datennutzung bietet Google hier:<\/p><p><a href=\"https:\/\/www.google.com\/intl\/de\/policies\/privacy\/partners\" target=\"_blank\" rel=\"nofollow noopener\">https:\/\/www.google.com\/intl\/de\/policies\/privacy\/partners<\/a><\/p><p>Falls der Nutzer mit der Erfassung nicht einverstanden ist, kann er diese auch durch die einmalige Installation des Browser-Add-ons zur Deaktivierung von Google Analytics unterbinden.<\/p><p><a href=\"https:\/\/www.generator-datenschutzerkl\u00e4rung.de\" target=\"_blank\" rel=\"noopener\">Muster-Datenschutzerkl\u00e4rung<\/a> der <a href=\"https:\/\/www.bewertung-l\u00f6schen24.de\" target=\"_blank\" rel=\"nofollow noopener\">Anwaltskanzlei Wei\u00df &amp; Partner<\/a><\/p>\t\t\t\t\t\t\t\t<\/div>\n\t\t\t\t<\/div>\n\t\t\t\t\t<\/div>\n\t\t\t\t<\/div>\n\t\t\t\t<\/div>\n\t\t","protected":false},"excerpt":{"rendered":"<p>Datenschutz erkl\u00e4rung Personenbezogene Daten (nachfolgend zumeist nur \u201eDaten\u201c genannt) werden von uns nur im Rahmen der Erforderlichkeit sowie zum Zwecke der Bereitstellung eines funktionsf\u00e4higen und nutzerfreundlichen Internetauftritts, inklusive seiner Inhalte und der dort angebotenen Leistungen, verarbeitet. Gem\u00e4\u00df Art. 4 Ziffer 1. der Verordnung (EU) 2016\/679, also der Datenschutz-Grundverordnung (nachfolgend nur \u201eDSGVO\u201c genannt), gilt als \u201eVerarbeitung\u201c &hellip;<\/p>\n<p class=\"read-more\"> <a class=\"\" href=\"https:\/\/rehasportbrettenev.de\/index.php\/datenschutz\/\"> <span class=\"screen-reader-text\">Datenschutz<\/span> Weiterlesen &raquo;<\/a><\/p>\n","protected":false},"author":1,"featured_media":0,"parent":0,"menu_order":0,"comment_status":"closed","ping_status":"closed","template":"","meta":{"site-sidebar-layout":"no-sidebar","site-content-layout":"","ast-site-content-layout":"full-width-container","site-content-style":"default","site-sidebar-style":"default","ast-global-header-display":"","ast-banner-title-visibility":"","ast-main-header-display":"","ast-hfb-above-header-display":"","ast-hfb-below-header-display":"","ast-hfb-mobile-header-display":"","site-post-title":"disabled","ast-breadcrumbs-content":"","ast-featured-img":"disabled","footer-sml-layout":"","theme-transparent-header-meta":"","adv-header-id-meta":"","stick-header-meta":"","header-above-stick-meta":"","header-main-stick-meta":"","header-below-stick-meta":"","astra-migrate-meta-layouts":"","ast-page-background-enabled":"default","ast-page-background-meta":{"desktop":{"background-color":"var(--ast-global-color-4)","background-image":"","background-repeat":"repeat","background-position":"center center","background-size":"auto","background-attachment":"scroll","background-type":"","background-media":"","overlay-type":"","overlay-color":"","overlay-gradient":""},"tablet":{"background-color":"","background-image":"","background-repeat":"repeat","background-position":"center center","background-size":"auto","background-attachment":"scroll","background-type":"","background-media":"","overlay-type":"","overlay-color":"","overlay-gradient":""},"mobile":{"background-color":"","background-image":"","background-repeat":"repeat","background-position":"center center","background-size":"auto","background-attachment":"scroll","background-type":"","background-media":"","overlay-type":"","overlay-color":"","overlay-gradient":""}},"ast-content-background-meta":{"desktop":{"background-color":"var(--ast-global-color-5)","background-image":"","background-repeat":"repeat","background-position":"center center","background-size":"auto","background-attachment":"scroll","background-type":"","background-media":"","overlay-type":"","overlay-color":"","overlay-gradient":""},"tablet":{"background-color":"var(--ast-global-color-5)","background-image":"","background-repeat":"repeat","background-position":"center center","background-size":"auto","background-attachment":"scroll","background-type":"","background-media":"","overlay-type":"","overlay-color":"","overlay-gradient":""},"mobile":{"background-color":"var(--ast-global-color-5)","background-image":"","background-repeat":"repeat","background-position":"center center","background-size":"auto","background-attachment":"scroll","background-type":"","background-media":"","overlay-type":"","overlay-color":"","overlay-gradient":""}},"footnotes":""},"class_list":["post-475","page","type-page","status-publish","hentry"],"yoast_head":"<!-- This site is optimized with the Yoast SEO plugin v27.4 - https:\/\/yoast.com\/product\/yoast-seo-wordpress\/ -->\n<title>Datenschutz - RehaSportBretten e.V.<\/title>\n<meta name=\"robots\" content=\"index, follow, max-snippet:-1, max-image-preview:large, max-video-preview:-1\" \/>\n<link rel=\"canonical\" href=\"https:\/\/rehasportbrettenev.de\/index.php\/datenschutz\/\" \/>\n<meta property=\"og:locale\" content=\"de_DE\" \/>\n<meta property=\"og:type\" content=\"article\" \/>\n<meta property=\"og:title\" content=\"Datenschutz - RehaSportBretten e.V.\" \/>\n<meta property=\"og:description\" content=\"Datenschutz erkl\u00e4rung Personenbezogene Daten (nachfolgend zumeist nur \u201eDaten\u201c genannt) werden von uns nur im Rahmen der Erforderlichkeit sowie zum Zwecke der Bereitstellung eines funktionsf\u00e4higen und nutzerfreundlichen Internetauftritts, inklusive seiner Inhalte und der dort angebotenen Leistungen, verarbeitet. Gem\u00e4\u00df Art. 4 Ziffer 1. der Verordnung (EU) 2016\/679, also der Datenschutz-Grundverordnung (nachfolgend nur \u201eDSGVO\u201c genannt), gilt als \u201eVerarbeitung\u201c &hellip; Datenschutz Weiterlesen &raquo;\" \/>\n<meta property=\"og:url\" content=\"https:\/\/rehasportbrettenev.de\/index.php\/datenschutz\/\" \/>\n<meta property=\"og:site_name\" content=\"RehaSportBretten e.V.\" \/>\n<meta property=\"article:modified_time\" content=\"2025-06-20T15:36:19+00:00\" \/>\n<meta name=\"twitter:card\" content=\"summary_large_image\" \/>\n<meta name=\"twitter:label1\" content=\"Gesch\u00e4tzte Lesezeit\" \/>\n\t<meta name=\"twitter:data1\" content=\"9\u00a0Minuten\" \/>\n<script type=\"application\/ld+json\" class=\"yoast-schema-graph\">{\"@context\":\"https:\\\/\\\/schema.org\",\"@graph\":[{\"@type\":\"WebPage\",\"@id\":\"https:\\\/\\\/rehasportbrettenev.de\\\/index.php\\\/datenschutz\\\/\",\"url\":\"https:\\\/\\\/rehasportbrettenev.de\\\/index.php\\\/datenschutz\\\/\",\"name\":\"Datenschutz - RehaSportBretten e.V.\",\"isPartOf\":{\"@id\":\"https:\\\/\\\/rehasportbrettenev.de\\\/#website\"},\"datePublished\":\"2025-06-20T15:04:46+00:00\",\"dateModified\":\"2025-06-20T15:36:19+00:00\",\"breadcrumb\":{\"@id\":\"https:\\\/\\\/rehasportbrettenev.de\\\/index.php\\\/datenschutz\\\/#breadcrumb\"},\"inLanguage\":\"de\",\"potentialAction\":[{\"@type\":\"ReadAction\",\"target\":[\"https:\\\/\\\/rehasportbrettenev.de\\\/index.php\\\/datenschutz\\\/\"]}]},{\"@type\":\"BreadcrumbList\",\"@id\":\"https:\\\/\\\/rehasportbrettenev.de\\\/index.php\\\/datenschutz\\\/#breadcrumb\",\"itemListElement\":[{\"@type\":\"ListItem\",\"position\":1,\"name\":\"Startseite\",\"item\":\"https:\\\/\\\/rehasportbrettenev.de\\\/\"},{\"@type\":\"ListItem\",\"position\":2,\"name\":\"Datenschutz\"}]},{\"@type\":\"WebSite\",\"@id\":\"https:\\\/\\\/rehasportbrettenev.de\\\/#website\",\"url\":\"https:\\\/\\\/rehasportbrettenev.de\\\/\",\"name\":\"RehaSportBretten e.V.\",\"description\":\"\",\"publisher\":{\"@id\":\"https:\\\/\\\/rehasportbrettenev.de\\\/#organization\"},\"potentialAction\":[{\"@type\":\"SearchAction\",\"target\":{\"@type\":\"EntryPoint\",\"urlTemplate\":\"https:\\\/\\\/rehasportbrettenev.de\\\/?s={search_term_string}\"},\"query-input\":{\"@type\":\"PropertyValueSpecification\",\"valueRequired\":true,\"valueName\":\"search_term_string\"}}],\"inLanguage\":\"de\"},{\"@type\":\"Organization\",\"@id\":\"https:\\\/\\\/rehasportbrettenev.de\\\/#organization\",\"name\":\"RehaSportBretten e.V.\",\"url\":\"https:\\\/\\\/rehasportbrettenev.de\\\/\",\"logo\":{\"@type\":\"ImageObject\",\"inLanguage\":\"de\",\"@id\":\"https:\\\/\\\/rehasportbrettenev.de\\\/#\\\/schema\\\/logo\\\/image\\\/\",\"url\":\"https:\\\/\\\/rehasportbrettenev.de\\\/wp-content\\\/uploads\\\/2023\\\/10\\\/Screenshot-2023-10-20-135025.png\",\"contentUrl\":\"https:\\\/\\\/rehasportbrettenev.de\\\/wp-content\\\/uploads\\\/2023\\\/10\\\/Screenshot-2023-10-20-135025.png\",\"width\":288,\"height\":51,\"caption\":\"RehaSportBretten e.V.\"},\"image\":{\"@id\":\"https:\\\/\\\/rehasportbrettenev.de\\\/#\\\/schema\\\/logo\\\/image\\\/\"}}]}<\/script>\n<!-- \/ Yoast SEO plugin. -->","yoast_head_json":{"title":"Datenschutz - RehaSportBretten e.V.","robots":{"index":"index","follow":"follow","max-snippet":"max-snippet:-1","max-image-preview":"max-image-preview:large","max-video-preview":"max-video-preview:-1"},"canonical":"https:\/\/rehasportbrettenev.de\/index.php\/datenschutz\/","og_locale":"de_DE","og_type":"article","og_title":"Datenschutz - RehaSportBretten e.V.","og_description":"Datenschutz erkl\u00e4rung Personenbezogene Daten (nachfolgend zumeist nur \u201eDaten\u201c genannt) werden von uns nur im Rahmen der Erforderlichkeit sowie zum Zwecke der Bereitstellung eines funktionsf\u00e4higen und nutzerfreundlichen Internetauftritts, inklusive seiner Inhalte und der dort angebotenen Leistungen, verarbeitet. Gem\u00e4\u00df Art. 4 Ziffer 1. der Verordnung (EU) 2016\/679, also der Datenschutz-Grundverordnung (nachfolgend nur \u201eDSGVO\u201c genannt), gilt als \u201eVerarbeitung\u201c &hellip; Datenschutz Weiterlesen &raquo;","og_url":"https:\/\/rehasportbrettenev.de\/index.php\/datenschutz\/","og_site_name":"RehaSportBretten e.V.","article_modified_time":"2025-06-20T15:36:19+00:00","twitter_card":"summary_large_image","twitter_misc":{"Gesch\u00e4tzte Lesezeit":"9\u00a0Minuten"},"schema":{"@context":"https:\/\/schema.org","@graph":[{"@type":"WebPage","@id":"https:\/\/rehasportbrettenev.de\/index.php\/datenschutz\/","url":"https:\/\/rehasportbrettenev.de\/index.php\/datenschutz\/","name":"Datenschutz - RehaSportBretten e.V.","isPartOf":{"@id":"https:\/\/rehasportbrettenev.de\/#website"},"datePublished":"2025-06-20T15:04:46+00:00","dateModified":"2025-06-20T15:36:19+00:00","breadcrumb":{"@id":"https:\/\/rehasportbrettenev.de\/index.php\/datenschutz\/#breadcrumb"},"inLanguage":"de","potentialAction":[{"@type":"ReadAction","target":["https:\/\/rehasportbrettenev.de\/index.php\/datenschutz\/"]}]},{"@type":"BreadcrumbList","@id":"https:\/\/rehasportbrettenev.de\/index.php\/datenschutz\/#breadcrumb","itemListElement":[{"@type":"ListItem","position":1,"name":"Startseite","item":"https:\/\/rehasportbrettenev.de\/"},{"@type":"ListItem","position":2,"name":"Datenschutz"}]},{"@type":"WebSite","@id":"https:\/\/rehasportbrettenev.de\/#website","url":"https:\/\/rehasportbrettenev.de\/","name":"RehaSportBretten e.V.","description":"","publisher":{"@id":"https:\/\/rehasportbrettenev.de\/#organization"},"potentialAction":[{"@type":"SearchAction","target":{"@type":"EntryPoint","urlTemplate":"https:\/\/rehasportbrettenev.de\/?s={search_term_string}"},"query-input":{"@type":"PropertyValueSpecification","valueRequired":true,"valueName":"search_term_string"}}],"inLanguage":"de"},{"@type":"Organization","@id":"https:\/\/rehasportbrettenev.de\/#organization","name":"RehaSportBretten e.V.","url":"https:\/\/rehasportbrettenev.de\/","logo":{"@type":"ImageObject","inLanguage":"de","@id":"https:\/\/rehasportbrettenev.de\/#\/schema\/logo\/image\/","url":"https:\/\/rehasportbrettenev.de\/wp-content\/uploads\/2023\/10\/Screenshot-2023-10-20-135025.png","contentUrl":"https:\/\/rehasportbrettenev.de\/wp-content\/uploads\/2023\/10\/Screenshot-2023-10-20-135025.png","width":288,"height":51,"caption":"RehaSportBretten e.V."},"image":{"@id":"https:\/\/rehasportbrettenev.de\/#\/schema\/logo\/image\/"}}]}},"_links":{"self":[{"href":"https:\/\/rehasportbrettenev.de\/index.php\/wp-json\/wp\/v2\/pages\/475","targetHints":{"allow":["GET"]}}],"collection":[{"href":"https:\/\/rehasportbrettenev.de\/index.php\/wp-json\/wp\/v2\/pages"}],"about":[{"href":"https:\/\/rehasportbrettenev.de\/index.php\/wp-json\/wp\/v2\/types\/page"}],"author":[{"embeddable":true,"href":"https:\/\/rehasportbrettenev.de\/index.php\/wp-json\/wp\/v2\/users\/1"}],"replies":[{"embeddable":true,"href":"https:\/\/rehasportbrettenev.de\/index.php\/wp-json\/wp\/v2\/comments?post=475"}],"version-history":[{"count":10,"href":"https:\/\/rehasportbrettenev.de\/index.php\/wp-json\/wp\/v2\/pages\/475\/revisions"}],"predecessor-version":[{"id":491,"href":"https:\/\/rehasportbrettenev.de\/index.php\/wp-json\/wp\/v2\/pages\/475\/revisions\/491"}],"wp:attachment":[{"href":"https:\/\/rehasportbrettenev.de\/index.php\/wp-json\/wp\/v2\/media?parent=475"}],"curies":[{"name":"wp","href":"https:\/\/api.w.org\/{rel}","templated":true}]}}