{"id":16,"date":"2023-10-05T16:19:52","date_gmt":"2023-10-05T16:19:52","guid":{"rendered":"https:\/\/rehasportbrettenev.de\/?page_id=16"},"modified":"2026-01-14T07:30:16","modified_gmt":"2026-01-14T07:30:16","slug":"kurse","status":"publish","type":"page","link":"https:\/\/rehasportbrettenev.de\/","title":{"rendered":"Kurse"},"content":{"rendered":"\t\t<div data-elementor-type=\"wp-page\" data-elementor-id=\"16\" class=\"elementor elementor-16\">\n\t\t\t\t<div class=\"elementor-element elementor-element-2fa56c9 e-flex e-con-boxed e-con e-parent\" data-id=\"2fa56c9\" data-element_type=\"container\" data-e-type=\"container\">\n\t\t\t\t\t<div class=\"e-con-inner\">\n\t\t\t\t<div class=\"elementor-element elementor-element-8bb0046 elementor-widget elementor-widget-image\" data-id=\"8bb0046\" data-element_type=\"widget\" data-e-type=\"widget\" data-widget_type=\"image.default\">\n\t\t\t\t<div class=\"elementor-widget-container\">\n\t\t\t\t\t\t\t\t\t\t\t\t\t\t\t<img fetchpriority=\"high\" decoding=\"async\" width=\"1000\" height=\"232\" src=\"https:\/\/rehasportbrettenev.de\/wp-content\/uploads\/2023\/10\/kurse-hell.jpg\" class=\"attachment-large size-large wp-image-21\" alt=\"\" srcset=\"https:\/\/rehasportbrettenev.de\/wp-content\/uploads\/2023\/10\/kurse-hell.jpg 1025w, https:\/\/rehasportbrettenev.de\/wp-content\/uploads\/2023\/10\/kurse-hell-300x70.jpg 300w, https:\/\/rehasportbrettenev.de\/wp-content\/uploads\/2023\/10\/kurse-hell-768x178.jpg 768w\" sizes=\"(max-width: 1000px) 100vw, 1000px\" \/>\t\t\t\t\t\t\t\t\t\t\t\t\t\t\t<\/div>\n\t\t\t\t<\/div>\n\t\t\t\t\t<\/div>\n\t\t\t\t<\/div>\n\t\t<div class=\"elementor-element elementor-element-b66ddaa e-flex e-con-boxed e-con e-parent\" data-id=\"b66ddaa\" data-element_type=\"container\" data-e-type=\"container\">\n\t\t\t\t\t<div class=\"e-con-inner\">\n\t\t\t\t<div class=\"elementor-element elementor-element-be02244 elementor-widget elementor-widget-heading\" data-id=\"be02244\" data-element_type=\"widget\" data-e-type=\"widget\" data-widget_type=\"heading.default\">\n\t\t\t\t<div class=\"elementor-widget-container\">\n\t\t\t\t\t<h2 class=\"elementor-heading-title elementor-size-large\">MONTAG<\/h2>\t\t\t\t<\/div>\n\t\t\t\t<\/div>\n\t\t\t\t\t<\/div>\n\t\t\t\t<\/div>\n\t\t<div class=\"elementor-element elementor-element-3980b5c e-flex e-con-boxed e-con e-parent\" data-id=\"3980b5c\" data-element_type=\"container\" data-e-type=\"container\">\n\t\t\t\t\t<div class=\"e-con-inner\">\n\t\t\t\t<div class=\"elementor-element elementor-element-3d2e447 elementor-widget elementor-widget-text-editor\" data-id=\"3d2e447\" data-element_type=\"widget\" data-e-type=\"widget\" data-widget_type=\"text-editor.default\">\n\t\t\t\t<div class=\"elementor-widget-container\">\n\t\t\t\t\t\t\t\t\t<p>17.30 \u2013 18.30\u00a0 \u00a0Reha (zusammen mit <a href=\"https:\/\/verenas-fitness.de\/\">Verenas Fitness<\/a>)<\/p><hr \/><p>\u00a018.30 \u2013 19.30 \u00a0 Hot Iron<\/p><hr \/><p>19.30 \u2013 20.30 \u00a0 Yoga<\/p>\t\t\t\t\t\t\t\t<\/div>\n\t\t\t\t<\/div>\n\t\t\t\t\t<\/div>\n\t\t\t\t<\/div>\n\t\t<div class=\"elementor-element elementor-element-a5706e2 e-flex e-con-boxed e-con e-parent\" data-id=\"a5706e2\" data-element_type=\"container\" data-e-type=\"container\">\n\t\t\t\t\t<div class=\"e-con-inner\">\n\t\t\t\t<div class=\"elementor-element elementor-element-6cf1b38 elementor-widget elementor-widget-heading\" data-id=\"6cf1b38\" data-element_type=\"widget\" data-e-type=\"widget\" data-widget_type=\"heading.default\">\n\t\t\t\t<div class=\"elementor-widget-container\">\n\t\t\t\t\t<h2 class=\"elementor-heading-title elementor-size-large\">DIENSTAG<\/h2>\t\t\t\t<\/div>\n\t\t\t\t<\/div>\n\t\t\t\t\t<\/div>\n\t\t\t\t<\/div>\n\t\t<div class=\"elementor-element elementor-element-7272731 e-flex e-con-boxed e-con e-parent\" data-id=\"7272731\" data-element_type=\"container\" data-e-type=\"container\">\n\t\t\t\t\t<div class=\"e-con-inner\">\n\t\t\t\t<div class=\"elementor-element elementor-element-64278da elementor-widget elementor-widget-text-editor\" data-id=\"64278da\" data-element_type=\"widget\" data-e-type=\"widget\" data-widget_type=\"text-editor.default\">\n\t\t\t\t<div class=\"elementor-widget-container\">\n\t\t\t\t\t\t\t\t\t<p>9.15 \u2013 10.15\u00a0 \u00a0 Yoga<\/p><hr \/><p>10.30 \u2013 11.30 \u00a0 Reha \/ Pilates (zusammen mit <a href=\"https:\/\/verenas-fitness.de\/\">Verenas Fitness<\/a>)<\/p><hr \/><p>16.30\u2013 17.30\u00a0 \u00a0 inklusiver Lauftreff (zusammen mit <a href=\"https:\/\/verenas-fitness.de\/\">Verenas Fitness<\/a>)<\/p><hr \/><p>18.00\u2013 19.00\u00a0 \u00a014t\u00e4gig Schwimmen (zusammen mit <a href=\"https:\/\/verenas-fitness.de\/\">Verenas Fitness<\/a>)<\/p>\t\t\t\t\t\t\t\t<\/div>\n\t\t\t\t<\/div>\n\t\t\t\t\t<\/div>\n\t\t\t\t<\/div>\n\t\t<div class=\"elementor-element elementor-element-b2195dc e-flex e-con-boxed e-con e-parent\" data-id=\"b2195dc\" data-element_type=\"container\" data-e-type=\"container\">\n\t\t\t\t\t<div class=\"e-con-inner\">\n\t\t\t\t<div class=\"elementor-element elementor-element-26c5e35 elementor-widget elementor-widget-heading\" data-id=\"26c5e35\" data-element_type=\"widget\" data-e-type=\"widget\" data-widget_type=\"heading.default\">\n\t\t\t\t<div class=\"elementor-widget-container\">\n\t\t\t\t\t<h2 class=\"elementor-heading-title elementor-size-large\">MITTWOCH<\/h2>\t\t\t\t<\/div>\n\t\t\t\t<\/div>\n\t\t\t\t\t<\/div>\n\t\t\t\t<\/div>\n\t\t<div class=\"elementor-element elementor-element-1dfd45a e-flex e-con-boxed e-con e-parent\" data-id=\"1dfd45a\" data-element_type=\"container\" data-e-type=\"container\">\n\t\t\t\t\t<div class=\"e-con-inner\">\n\t\t\t\t<div class=\"elementor-element elementor-element-8905baa elementor-widget elementor-widget-text-editor\" data-id=\"8905baa\" data-element_type=\"widget\" data-e-type=\"widget\" data-widget_type=\"text-editor.default\">\n\t\t\t\t<div class=\"elementor-widget-container\">\n\t\t\t\t\t\t\t\t\t<p>7.30 \u2013 8.30\u00a0 \u00a0 \u00a0 Reha\/ Pilates (zusammen mit <a href=\"https:\/\/verenas-fitness.de\/\">Verenas Fitness<\/a>)<\/p><hr \/><p>8.30 \u2013 9.30\u00a0 \u00a0 \u00a0 Reha\/ Pilates (zusammen mit <a href=\"https:\/\/verenas-fitness.de\/\">Verenas Fitness<\/a>)<\/p><hr \/><p>17.00 \u2013 18.00 \u00a0 Reha (zusammen mit <a href=\"https:\/\/verenas-fitness.de\/\">Verenas Fitness<\/a>)<\/p><hr \/><p>18.00 \u2013 19.00 \u00a0 Bauch-R\u00fccken-Entspannung<\/p><hr \/><p>19.00 \u2013 20.00 \u00a0 Hot Iron<\/p>\t\t\t\t\t\t\t\t<\/div>\n\t\t\t\t<\/div>\n\t\t\t\t\t<\/div>\n\t\t\t\t<\/div>\n\t\t<div class=\"elementor-element elementor-element-3c7cf90 e-flex e-con-boxed e-con e-parent\" data-id=\"3c7cf90\" data-element_type=\"container\" data-e-type=\"container\">\n\t\t\t\t\t<div class=\"e-con-inner\">\n\t\t\t\t<div class=\"elementor-element elementor-element-59fe4a1 elementor-widget elementor-widget-heading\" data-id=\"59fe4a1\" data-element_type=\"widget\" data-e-type=\"widget\" data-widget_type=\"heading.default\">\n\t\t\t\t<div class=\"elementor-widget-container\">\n\t\t\t\t\t<h2 class=\"elementor-heading-title elementor-size-large\">DONNERSTAG<\/h2>\t\t\t\t<\/div>\n\t\t\t\t<\/div>\n\t\t\t\t\t<\/div>\n\t\t\t\t<\/div>\n\t\t<div class=\"elementor-element elementor-element-5bf544c e-flex e-con-boxed e-con e-parent\" data-id=\"5bf544c\" data-element_type=\"container\" data-e-type=\"container\">\n\t\t\t\t\t<div class=\"e-con-inner\">\n\t\t\t\t<div class=\"elementor-element elementor-element-d112616 elementor-widget elementor-widget-text-editor\" data-id=\"d112616\" data-element_type=\"widget\" data-e-type=\"widget\" data-widget_type=\"text-editor.default\">\n\t\t\t\t<div class=\"elementor-widget-container\">\n\t\t\t\t\t\t\t\t\t<p>10.30 \u2013 11.30\u00a0 Qigong 14 t\u00e4gig<\/p><hr \/><p>16.15 \u2013 17.15\u00a0 Reha\/ Pilates (zusammen mit <a href=\"https:\/\/verenas-fitness.de\/\">Verenas Fitness<\/a>)<\/p><hr \/><p>17.15 \u2013 18.15\u00a0 \u00a0Hot Iron<\/p><hr \/><p>17.30\u2013 19.00\u00a0 \u00a0Reha Inklusion GB (Outdoor) (zusammen mit <a href=\"https:\/\/verenas-fitness.de\/\">Verenas Fitness<\/a>) \u00a0<\/p><hr \/><p>18.15 \u2013 19.15\u00a0 \u00a0Reha (zusammen mit <a href=\"https:\/\/verenas-fitness.de\/\">Verenas Fitness<\/a>)<\/p><hr \/><p>19.30 \u2013 20.30\u00a0 \u00a0Yoga 14 t\u00e4gig<\/p>\t\t\t\t\t\t\t\t<\/div>\n\t\t\t\t<\/div>\n\t\t\t\t\t<\/div>\n\t\t\t\t<\/div>\n\t\t<div class=\"elementor-element elementor-element-4a87800 e-flex e-con-boxed e-con e-parent\" data-id=\"4a87800\" data-element_type=\"container\" data-e-type=\"container\">\n\t\t\t\t\t<div class=\"e-con-inner\">\n\t\t\t\t<div class=\"elementor-element elementor-element-d17ca7e elementor-widget elementor-widget-heading\" data-id=\"d17ca7e\" data-element_type=\"widget\" data-e-type=\"widget\" data-widget_type=\"heading.default\">\n\t\t\t\t<div class=\"elementor-widget-container\">\n\t\t\t\t\t<h2 class=\"elementor-heading-title elementor-size-large\">FREITAG<\/h2>\t\t\t\t<\/div>\n\t\t\t\t<\/div>\n\t\t\t\t\t<\/div>\n\t\t\t\t<\/div>\n\t\t<div class=\"elementor-element elementor-element-0205e17 e-flex e-con-boxed e-con e-parent\" data-id=\"0205e17\" data-element_type=\"container\" data-e-type=\"container\">\n\t\t\t\t\t<div class=\"e-con-inner\">\n\t\t\t\t<div class=\"elementor-element elementor-element-58116c3 elementor-widget elementor-widget-text-editor\" data-id=\"58116c3\" data-element_type=\"widget\" data-e-type=\"widget\" data-widget_type=\"text-editor.default\">\n\t\t\t\t<div class=\"elementor-widget-container\">\n\t\t\t\t\t\t\t\t\t<p>8.30 \u2013 9.30\u00a0 \u00a0 \u00a0 Hot Iron<\/p><hr \/><p>17.30 \u2013 18.30 \u00a0 Reha (zusammen mit <a href=\"https:\/\/verenas-fitness.de\/\">Verenas Fitness<\/a>) in Gondelsheim<\/p>\t\t\t\t\t\t\t\t<\/div>\n\t\t\t\t<\/div>\n\t\t\t\t\t<\/div>\n\t\t\t\t<\/div>\n\t\t<div class=\"elementor-element elementor-element-8d49519 e-flex e-con-boxed e-con e-parent\" data-id=\"8d49519\" data-element_type=\"container\" data-e-type=\"container\">\n\t\t\t\t\t<div class=\"e-con-inner\">\n\t\t\t\t<div class=\"elementor-element elementor-element-2207ed1 elementor-widget elementor-widget-heading\" data-id=\"2207ed1\" data-element_type=\"widget\" data-e-type=\"widget\" data-widget_type=\"heading.default\">\n\t\t\t\t<div class=\"elementor-widget-container\">\n\t\t\t\t\t<h2 class=\"elementor-heading-title elementor-size-large\">SAMSTAG<\/h2>\t\t\t\t<\/div>\n\t\t\t\t<\/div>\n\t\t\t\t\t<\/div>\n\t\t\t\t<\/div>\n\t\t<div class=\"elementor-element elementor-element-c7af2ce e-flex e-con-boxed e-con e-parent\" data-id=\"c7af2ce\" data-element_type=\"container\" data-e-type=\"container\">\n\t\t\t\t\t<div class=\"e-con-inner\">\n\t\t\t\t<div class=\"elementor-element elementor-element-0073673 elementor-widget elementor-widget-text-editor\" data-id=\"0073673\" data-element_type=\"widget\" data-e-type=\"widget\" data-widget_type=\"text-editor.default\">\n\t\t\t\t<div class=\"elementor-widget-container\">\n\t\t\t\t\t\t\t\t\t<p>10.30 \u2013 11.30\u00a0 \u00a014 t\u00e4gig Yoga Flow<\/p>\t\t\t\t\t\t\t\t<\/div>\n\t\t\t\t<\/div>\n\t\t\t\t\t<\/div>\n\t\t\t\t<\/div>\n\t\t<div class=\"elementor-element elementor-element-18e6f72 e-flex e-con-boxed e-con e-parent\" data-id=\"18e6f72\" data-element_type=\"container\" data-e-type=\"container\">\n\t\t\t\t\t<div class=\"e-con-inner\">\n\t\t\t\t<div class=\"elementor-element elementor-element-0a0c1f0 elementor-widget elementor-widget-heading\" data-id=\"0a0c1f0\" data-element_type=\"widget\" data-e-type=\"widget\" data-widget_type=\"heading.default\">\n\t\t\t\t<div class=\"elementor-widget-container\">\n\t\t\t\t\t<p class=\"elementor-heading-title elementor-size-default\">dererer<\/p>\t\t\t\t<\/div>\n\t\t\t\t<\/div>\n\t\t\t\t\t<\/div>\n\t\t\t\t<\/div>\n\t\t<div class=\"elementor-element elementor-element-e22739c e-flex e-con-boxed e-con e-parent\" data-id=\"e22739c\" data-element_type=\"container\" data-e-type=\"container\">\n\t\t\t\t\t<div class=\"e-con-inner\">\n\t\t\t\t<div class=\"elementor-element elementor-element-054bbe6 elementor-widget elementor-widget-text-editor\" data-id=\"054bbe6\" data-element_type=\"widget\" data-e-type=\"widget\" data-widget_type=\"text-editor.default\">\n\t\t\t\t<div class=\"elementor-widget-container\">\n\t\t\t\t\t\t\t\t\t<p>Zus\u00e4tzlich Dienstag und Donnerstag Reha Kurse f\u00fcr Menschen mit geistiger Beeintr\u00e4chtigung nach telefonischer R\u00fccksprache<\/p>\t\t\t\t\t\t\t\t<\/div>\n\t\t\t\t<\/div>\n\t\t\t\t\t<\/div>\n\t\t\t\t<\/div>\n\t\t\t\t<\/div>\n\t\t","protected":false},"excerpt":{"rendered":"<p>MONTAG 17.30 \u2013 18.30\u00a0 \u00a0Reha (zusammen mit Verenas Fitness) \u00a018.30 \u2013 19.30 \u00a0 Hot Iron 19.30 \u2013 20.30 \u00a0 Yoga DIENSTAG 9.15 \u2013 10.15\u00a0 \u00a0 Yoga 10.30 \u2013 11.30 \u00a0 Reha \/ Pilates (zusammen mit Verenas Fitness) 16.30\u2013 17.30\u00a0 \u00a0 inklusiver Lauftreff (zusammen mit Verenas Fitness) 18.00\u2013 19.00\u00a0 \u00a014t\u00e4gig Schwimmen (zusammen mit Verenas Fitness) MITTWOCH &hellip;<\/p>\n<p class=\"read-more\"> <a class=\"\" href=\"https:\/\/rehasportbrettenev.de\/\"> <span class=\"screen-reader-text\">Kurse<\/span> Weiterlesen &raquo;<\/a><\/p>\n","protected":false},"author":1,"featured_media":0,"parent":0,"menu_order":0,"comment_status":"closed","ping_status":"closed","template":"","meta":{"site-sidebar-layout":"default","site-content-layout":"","ast-site-content-layout":"","site-content-style":"default","site-sidebar-style":"default","ast-global-header-display":"","ast-banner-title-visibility":"","ast-main-header-display":"","ast-hfb-above-header-display":"","ast-hfb-below-header-display":"","ast-hfb-mobile-header-display":"","site-post-title":"","ast-breadcrumbs-content":"","ast-featured-img":"","footer-sml-layout":"","theme-transparent-header-meta":"","adv-header-id-meta":"","stick-header-meta":"","header-above-stick-meta":"","header-main-stick-meta":"","header-below-stick-meta":"","astra-migrate-meta-layouts":"","ast-page-background-enabled":"default","ast-page-background-meta":{"desktop":{"background-color":"var(--ast-global-color-4)","background-image":"","background-repeat":"repeat","background-position":"center center","background-size":"auto","background-attachment":"scroll","background-type":"","background-media":"","overlay-type":"","overlay-color":"","overlay-gradient":""},"tablet":{"background-color":"","background-image":"","background-repeat":"repeat","background-position":"center center","background-size":"auto","background-attachment":"scroll","background-type":"","background-media":"","overlay-type":"","overlay-color":"","overlay-gradient":""},"mobile":{"background-color":"","background-image":"","background-repeat":"repeat","background-position":"center center","background-size":"auto","background-attachment":"scroll","background-type":"","background-media":"","overlay-type":"","overlay-color":"","overlay-gradient":""}},"ast-content-background-meta":{"desktop":{"background-color":"var(--ast-global-color-5)","background-image":"","background-repeat":"repeat","background-position":"center center","background-size":"auto","background-attachment":"scroll","background-type":"","background-media":"","overlay-type":"","overlay-color":"","overlay-gradient":""},"tablet":{"background-color":"var(--ast-global-color-5)","background-image":"","background-repeat":"repeat","background-position":"center center","background-size":"auto","background-attachment":"scroll","background-type":"","background-media":"","overlay-type":"","overlay-color":"","overlay-gradient":""},"mobile":{"background-color":"var(--ast-global-color-5)","background-image":"","background-repeat":"repeat","background-position":"center center","background-size":"auto","background-attachment":"scroll","background-type":"","background-media":"","overlay-type":"","overlay-color":"","overlay-gradient":""}},"footnotes":""},"class_list":["post-16","page","type-page","status-publish","hentry"],"yoast_head":"<!-- This site is optimized with the Yoast SEO plugin v27.4 - https:\/\/yoast.com\/product\/yoast-seo-wordpress\/ -->\n<title>Kurse - RehaSportBretten e.V.<\/title>\n<meta name=\"robots\" content=\"index, follow, max-snippet:-1, max-image-preview:large, max-video-preview:-1\" \/>\n<link rel=\"canonical\" href=\"https:\/\/rehasportbrettenev.de\/\" \/>\n<meta property=\"og:locale\" content=\"de_DE\" \/>\n<meta property=\"og:type\" content=\"article\" \/>\n<meta property=\"og:title\" content=\"Kurse - RehaSportBretten e.V.\" \/>\n<meta property=\"og:description\" content=\"MONTAG 17.30 \u2013 18.30\u00a0 \u00a0Reha (zusammen mit Verenas Fitness) \u00a018.30 \u2013 19.30 \u00a0 Hot Iron 19.30 \u2013 20.30 \u00a0 Yoga DIENSTAG 9.15 \u2013 10.15\u00a0 \u00a0 Yoga 10.30 \u2013 11.30 \u00a0 Reha \/ Pilates (zusammen mit Verenas Fitness) 16.30\u2013 17.30\u00a0 \u00a0 inklusiver Lauftreff (zusammen mit Verenas Fitness) 18.00\u2013 19.00\u00a0 \u00a014t\u00e4gig Schwimmen (zusammen mit Verenas Fitness) MITTWOCH &hellip; Kurse Weiterlesen &raquo;\" \/>\n<meta property=\"og:url\" content=\"https:\/\/rehasportbrettenev.de\/\" \/>\n<meta property=\"og:site_name\" content=\"RehaSportBretten e.V.\" \/>\n<meta property=\"article:modified_time\" content=\"2026-01-14T07:30:16+00:00\" \/>\n<meta property=\"og:image\" content=\"https:\/\/rehasportbrettenev.de\/wp-content\/uploads\/2023\/10\/kurse-hell.jpg\" \/>\n\t<meta property=\"og:image:width\" content=\"1025\" \/>\n\t<meta property=\"og:image:height\" content=\"238\" \/>\n\t<meta property=\"og:image:type\" content=\"image\/jpeg\" \/>\n<meta name=\"twitter:card\" content=\"summary_large_image\" \/>\n<meta name=\"twitter:label1\" content=\"Gesch\u00e4tzte Lesezeit\" \/>\n\t<meta name=\"twitter:data1\" content=\"2\u00a0Minuten\" \/>\n<script type=\"application\/ld+json\" class=\"yoast-schema-graph\">{\"@context\":\"https:\\\/\\\/schema.org\",\"@graph\":[{\"@type\":\"WebPage\",\"@id\":\"https:\\\/\\\/rehasportbrettenev.de\\\/\",\"url\":\"https:\\\/\\\/rehasportbrettenev.de\\\/\",\"name\":\"Kurse - RehaSportBretten e.V.\",\"isPartOf\":{\"@id\":\"https:\\\/\\\/rehasportbrettenev.de\\\/#website\"},\"primaryImageOfPage\":{\"@id\":\"https:\\\/\\\/rehasportbrettenev.de\\\/#primaryimage\"},\"image\":{\"@id\":\"https:\\\/\\\/rehasportbrettenev.de\\\/#primaryimage\"},\"thumbnailUrl\":\"https:\\\/\\\/rehasportbrettenev.de\\\/wp-content\\\/uploads\\\/2023\\\/10\\\/kurse-hell.jpg\",\"datePublished\":\"2023-10-05T16:19:52+00:00\",\"dateModified\":\"2026-01-14T07:30:16+00:00\",\"breadcrumb\":{\"@id\":\"https:\\\/\\\/rehasportbrettenev.de\\\/#breadcrumb\"},\"inLanguage\":\"de\",\"potentialAction\":[{\"@type\":\"ReadAction\",\"target\":[\"https:\\\/\\\/rehasportbrettenev.de\\\/\"]}]},{\"@type\":\"ImageObject\",\"inLanguage\":\"de\",\"@id\":\"https:\\\/\\\/rehasportbrettenev.de\\\/#primaryimage\",\"url\":\"https:\\\/\\\/rehasportbrettenev.de\\\/wp-content\\\/uploads\\\/2023\\\/10\\\/kurse-hell.jpg\",\"contentUrl\":\"https:\\\/\\\/rehasportbrettenev.de\\\/wp-content\\\/uploads\\\/2023\\\/10\\\/kurse-hell.jpg\",\"width\":1025,\"height\":238},{\"@type\":\"BreadcrumbList\",\"@id\":\"https:\\\/\\\/rehasportbrettenev.de\\\/#breadcrumb\",\"itemListElement\":[{\"@type\":\"ListItem\",\"position\":1,\"name\":\"Startseite\",\"item\":\"https:\\\/\\\/rehasportbrettenev.de\\\/\"},{\"@type\":\"ListItem\",\"position\":2,\"name\":\"Kurse\"}]},{\"@type\":\"WebSite\",\"@id\":\"https:\\\/\\\/rehasportbrettenev.de\\\/#website\",\"url\":\"https:\\\/\\\/rehasportbrettenev.de\\\/\",\"name\":\"RehaSportBretten e.V.\",\"description\":\"\",\"publisher\":{\"@id\":\"https:\\\/\\\/rehasportbrettenev.de\\\/#organization\"},\"potentialAction\":[{\"@type\":\"SearchAction\",\"target\":{\"@type\":\"EntryPoint\",\"urlTemplate\":\"https:\\\/\\\/rehasportbrettenev.de\\\/?s={search_term_string}\"},\"query-input\":{\"@type\":\"PropertyValueSpecification\",\"valueRequired\":true,\"valueName\":\"search_term_string\"}}],\"inLanguage\":\"de\"},{\"@type\":\"Organization\",\"@id\":\"https:\\\/\\\/rehasportbrettenev.de\\\/#organization\",\"name\":\"RehaSportBretten e.V.\",\"url\":\"https:\\\/\\\/rehasportbrettenev.de\\\/\",\"logo\":{\"@type\":\"ImageObject\",\"inLanguage\":\"de\",\"@id\":\"https:\\\/\\\/rehasportbrettenev.de\\\/#\\\/schema\\\/logo\\\/image\\\/\",\"url\":\"https:\\\/\\\/rehasportbrettenev.de\\\/wp-content\\\/uploads\\\/2023\\\/10\\\/Screenshot-2023-10-20-135025.png\",\"contentUrl\":\"https:\\\/\\\/rehasportbrettenev.de\\\/wp-content\\\/uploads\\\/2023\\\/10\\\/Screenshot-2023-10-20-135025.png\",\"width\":288,\"height\":51,\"caption\":\"RehaSportBretten e.V.\"},\"image\":{\"@id\":\"https:\\\/\\\/rehasportbrettenev.de\\\/#\\\/schema\\\/logo\\\/image\\\/\"}}]}<\/script>\n<!-- \/ Yoast SEO plugin. -->","yoast_head_json":{"title":"Kurse - RehaSportBretten e.V.","robots":{"index":"index","follow":"follow","max-snippet":"max-snippet:-1","max-image-preview":"max-image-preview:large","max-video-preview":"max-video-preview:-1"},"canonical":"https:\/\/rehasportbrettenev.de\/","og_locale":"de_DE","og_type":"article","og_title":"Kurse - RehaSportBretten e.V.","og_description":"MONTAG 17.30 \u2013 18.30\u00a0 \u00a0Reha (zusammen mit Verenas Fitness) \u00a018.30 \u2013 19.30 \u00a0 Hot Iron 19.30 \u2013 20.30 \u00a0 Yoga DIENSTAG 9.15 \u2013 10.15\u00a0 \u00a0 Yoga 10.30 \u2013 11.30 \u00a0 Reha \/ Pilates (zusammen mit Verenas Fitness) 16.30\u2013 17.30\u00a0 \u00a0 inklusiver Lauftreff (zusammen mit Verenas Fitness) 18.00\u2013 19.00\u00a0 \u00a014t\u00e4gig Schwimmen (zusammen mit Verenas Fitness) MITTWOCH &hellip; Kurse Weiterlesen &raquo;","og_url":"https:\/\/rehasportbrettenev.de\/","og_site_name":"RehaSportBretten e.V.","article_modified_time":"2026-01-14T07:30:16+00:00","og_image":[{"width":1025,"height":238,"url":"https:\/\/rehasportbrettenev.de\/wp-content\/uploads\/2023\/10\/kurse-hell.jpg","type":"image\/jpeg"}],"twitter_card":"summary_large_image","twitter_misc":{"Gesch\u00e4tzte Lesezeit":"2\u00a0Minuten"},"schema":{"@context":"https:\/\/schema.org","@graph":[{"@type":"WebPage","@id":"https:\/\/rehasportbrettenev.de\/","url":"https:\/\/rehasportbrettenev.de\/","name":"Kurse - RehaSportBretten e.V.","isPartOf":{"@id":"https:\/\/rehasportbrettenev.de\/#website"},"primaryImageOfPage":{"@id":"https:\/\/rehasportbrettenev.de\/#primaryimage"},"image":{"@id":"https:\/\/rehasportbrettenev.de\/#primaryimage"},"thumbnailUrl":"https:\/\/rehasportbrettenev.de\/wp-content\/uploads\/2023\/10\/kurse-hell.jpg","datePublished":"2023-10-05T16:19:52+00:00","dateModified":"2026-01-14T07:30:16+00:00","breadcrumb":{"@id":"https:\/\/rehasportbrettenev.de\/#breadcrumb"},"inLanguage":"de","potentialAction":[{"@type":"ReadAction","target":["https:\/\/rehasportbrettenev.de\/"]}]},{"@type":"ImageObject","inLanguage":"de","@id":"https:\/\/rehasportbrettenev.de\/#primaryimage","url":"https:\/\/rehasportbrettenev.de\/wp-content\/uploads\/2023\/10\/kurse-hell.jpg","contentUrl":"https:\/\/rehasportbrettenev.de\/wp-content\/uploads\/2023\/10\/kurse-hell.jpg","width":1025,"height":238},{"@type":"BreadcrumbList","@id":"https:\/\/rehasportbrettenev.de\/#breadcrumb","itemListElement":[{"@type":"ListItem","position":1,"name":"Startseite","item":"https:\/\/rehasportbrettenev.de\/"},{"@type":"ListItem","position":2,"name":"Kurse"}]},{"@type":"WebSite","@id":"https:\/\/rehasportbrettenev.de\/#website","url":"https:\/\/rehasportbrettenev.de\/","name":"RehaSportBretten e.V.","description":"","publisher":{"@id":"https:\/\/rehasportbrettenev.de\/#organization"},"potentialAction":[{"@type":"SearchAction","target":{"@type":"EntryPoint","urlTemplate":"https:\/\/rehasportbrettenev.de\/?s={search_term_string}"},"query-input":{"@type":"PropertyValueSpecification","valueRequired":true,"valueName":"search_term_string"}}],"inLanguage":"de"},{"@type":"Organization","@id":"https:\/\/rehasportbrettenev.de\/#organization","name":"RehaSportBretten e.V.","url":"https:\/\/rehasportbrettenev.de\/","logo":{"@type":"ImageObject","inLanguage":"de","@id":"https:\/\/rehasportbrettenev.de\/#\/schema\/logo\/image\/","url":"https:\/\/rehasportbrettenev.de\/wp-content\/uploads\/2023\/10\/Screenshot-2023-10-20-135025.png","contentUrl":"https:\/\/rehasportbrettenev.de\/wp-content\/uploads\/2023\/10\/Screenshot-2023-10-20-135025.png","width":288,"height":51,"caption":"RehaSportBretten e.V."},"image":{"@id":"https:\/\/rehasportbrettenev.de\/#\/schema\/logo\/image\/"}}]}},"_links":{"self":[{"href":"https:\/\/rehasportbrettenev.de\/index.php\/wp-json\/wp\/v2\/pages\/16","targetHints":{"allow":["GET"]}}],"collection":[{"href":"https:\/\/rehasportbrettenev.de\/index.php\/wp-json\/wp\/v2\/pages"}],"about":[{"href":"https:\/\/rehasportbrettenev.de\/index.php\/wp-json\/wp\/v2\/types\/page"}],"author":[{"embeddable":true,"href":"https:\/\/rehasportbrettenev.de\/index.php\/wp-json\/wp\/v2\/users\/1"}],"replies":[{"embeddable":true,"href":"https:\/\/rehasportbrettenev.de\/index.php\/wp-json\/wp\/v2\/comments?post=16"}],"version-history":[{"count":218,"href":"https:\/\/rehasportbrettenev.de\/index.php\/wp-json\/wp\/v2\/pages\/16\/revisions"}],"predecessor-version":[{"id":522,"href":"https:\/\/rehasportbrettenev.de\/index.php\/wp-json\/wp\/v2\/pages\/16\/revisions\/522"}],"wp:attachment":[{"href":"https:\/\/rehasportbrettenev.de\/index.php\/wp-json\/wp\/v2\/media?parent=16"}],"curies":[{"name":"wp","href":"https:\/\/api.w.org\/{rel}","templated":true}]}}