{"id":116,"date":"2023-10-06T08:05:22","date_gmt":"2023-10-06T08:05:22","guid":{"rendered":"https:\/\/rehasportbrettenev.de\/?page_id=116"},"modified":"2023-10-27T09:39:47","modified_gmt":"2023-10-27T09:39:47","slug":"inklusiver-lauftreff","status":"publish","type":"page","link":"https:\/\/rehasportbrettenev.de\/index.php\/inklusiver-lauftreff\/","title":{"rendered":"Inklusiver Lauftreff"},"content":{"rendered":"\t\t<div data-elementor-type=\"wp-page\" data-elementor-id=\"116\" class=\"elementor elementor-116\">\n\t\t\t\t<div class=\"elementor-element elementor-element-2ffbfb1 e-flex e-con-boxed e-con e-parent\" data-id=\"2ffbfb1\" data-element_type=\"container\" data-e-type=\"container\">\n\t\t\t\t\t<div class=\"e-con-inner\">\n\t\t\t\t<div class=\"elementor-element elementor-element-0d6e052 elementor-widget elementor-widget-heading\" data-id=\"0d6e052\" data-element_type=\"widget\" data-e-type=\"widget\" data-widget_type=\"heading.default\">\n\t\t\t\t<div class=\"elementor-widget-container\">\n\t\t\t\t\t<h1 class=\"elementor-heading-title elementor-size-default\">Inklusiver Lauftreff<\/h1>\t\t\t\t<\/div>\n\t\t\t\t<\/div>\n\t\t\t\t\t<\/div>\n\t\t\t\t<\/div>\n\t\t<div class=\"elementor-element elementor-element-d10c55b e-flex e-con-boxed e-con e-parent\" data-id=\"d10c55b\" data-element_type=\"container\" data-e-type=\"container\">\n\t\t\t\t\t<div class=\"e-con-inner\">\n\t\t<div class=\"elementor-element elementor-element-cf9f017 e-con-full e-flex e-con e-child\" data-id=\"cf9f017\" data-element_type=\"container\" data-e-type=\"container\">\n\t\t\t\t<div class=\"elementor-element elementor-element-289f3ef elementor-widget elementor-widget-image\" data-id=\"289f3ef\" data-element_type=\"widget\" data-e-type=\"widget\" data-widget_type=\"image.default\">\n\t\t\t\t<div class=\"elementor-widget-container\">\n\t\t\t\t\t\t\t\t\t\t\t\t\t\t\t<img fetchpriority=\"high\" decoding=\"async\" width=\"300\" height=\"300\" src=\"https:\/\/rehasportbrettenev.de\/wp-content\/uploads\/2023\/10\/Firefly-laeufer-menschen-mit-inklusion-68972-300x300.jpg\" class=\"attachment-medium size-medium wp-image-118\" alt=\"\" srcset=\"https:\/\/rehasportbrettenev.de\/wp-content\/uploads\/2023\/10\/Firefly-laeufer-menschen-mit-inklusion-68972-300x300.jpg 300w, https:\/\/rehasportbrettenev.de\/wp-content\/uploads\/2023\/10\/Firefly-laeufer-menschen-mit-inklusion-68972-150x150.jpg 150w, https:\/\/rehasportbrettenev.de\/wp-content\/uploads\/2023\/10\/Firefly-laeufer-menschen-mit-inklusion-68972-768x768.jpg 768w, https:\/\/rehasportbrettenev.de\/wp-content\/uploads\/2023\/10\/Firefly-laeufer-menschen-mit-inklusion-68972.jpg 1024w\" sizes=\"(max-width: 300px) 100vw, 300px\" \/>\t\t\t\t\t\t\t\t\t\t\t\t\t\t\t<\/div>\n\t\t\t\t<\/div>\n\t\t\t\t<\/div>\n\t\t<div class=\"elementor-element elementor-element-8bc7772 e-con-full e-flex e-con e-child\" data-id=\"8bc7772\" data-element_type=\"container\" data-e-type=\"container\">\n\t\t\t\t<div class=\"elementor-element elementor-element-b53f800 elementor-widget elementor-widget-text-editor\" data-id=\"b53f800\" data-element_type=\"widget\" data-e-type=\"widget\" data-widget_type=\"text-editor.default\">\n\t\t\t\t<div class=\"elementor-widget-container\">\n\t\t\t\t\t\t\t\t\t<p>F\u00fcr Menschen mit oder ohne Einschr\u00e4nkungen, mit oder ohne St\u00f6cke wollen wir uns zusammen bewegen. Kommen Sie und Schnuppern bei uns herein.\u00a0<\/p><p>Sie m\u00f6chten sicher gerne mehr bewegen? Sich fit halten?\u00a0<\/p><p>Dann kommen Sie vorbei &#8230; wir machen gemeinsam Sport.<br \/>In Ihrem eigenen GEH\/ WALKING \/ LAUF Tempo.<\/p>\t\t\t\t\t\t\t\t<\/div>\n\t\t\t\t<\/div>\n\t\t\t\t<\/div>\n\t\t\t\t\t<\/div>\n\t\t\t\t<\/div>\n\t\t<div class=\"elementor-element elementor-element-b038310 e-flex e-con-boxed e-con e-parent\" data-id=\"b038310\" data-element_type=\"container\" data-e-type=\"container\">\n\t\t\t\t\t<div class=\"e-con-inner\">\n\t\t\t\t<div class=\"elementor-element elementor-element-97528fc elementor-widget elementor-widget-heading\" data-id=\"97528fc\" data-element_type=\"widget\" data-e-type=\"widget\" data-widget_type=\"heading.default\">\n\t\t\t\t<div class=\"elementor-widget-container\">\n\t\t\t\t\t<p class=\"elementor-heading-title elementor-size-default\">dererer<\/p>\t\t\t\t<\/div>\n\t\t\t\t<\/div>\n\t\t\t\t\t<\/div>\n\t\t\t\t<\/div>\n\t\t<div class=\"elementor-element elementor-element-46f7526 e-flex e-con-boxed e-con e-parent\" data-id=\"46f7526\" data-element_type=\"container\" data-e-type=\"container\">\n\t\t\t\t\t<div class=\"e-con-inner\">\n\t\t\t\t<div class=\"elementor-element elementor-element-49d18b6 elementor-widget elementor-widget-text-editor\" data-id=\"49d18b6\" data-element_type=\"widget\" data-e-type=\"widget\" data-widget_type=\"text-editor.default\">\n\t\t\t\t<div class=\"elementor-widget-container\">\n\t\t\t\t\t\t\t\t\t<p>Wann:\u00a0 \u00a0Dienstag 17.30 Uhr<\/p><p>Wo:\u00a0 \u00a0 \u00a0 \u00a0RehaSportBretten e.V.,<\/p><p>\u00a0 \u00a0 \u00a0 \u00a0 \u00a0 \u00a0 \u00a0 Ruiter Stra\u00dfe 15,<\/p><p>\u00a0 \u00a0 \u00a0 \u00a0 \u00a0 \u00a0 \u00a0 75015 Bretten<\/p><p>Mitzubringen: wetterabh\u00e4ngige Sportbekleidung, Laufschuhe<\/p><p>Bei starkem Regen &#8230; alternatives Indoorprogramm<\/p><p>Anmeldung: <a href=\"mailto:rehasportbrettenev.@web.de\">rehasportbrettenev@web.de<\/a>\u00a0<\/p><p>Telefon: <a href=\"tel:+01606108854\">0160 6108854<\/a><\/p>\t\t\t\t\t\t\t\t<\/div>\n\t\t\t\t<\/div>\n\t\t\t\t\t<\/div>\n\t\t\t\t<\/div>\n\t\t<div class=\"elementor-element elementor-element-2a0802a e-flex e-con-boxed e-con e-parent\" data-id=\"2a0802a\" data-element_type=\"container\" data-e-type=\"container\">\n\t\t\t\t\t<div class=\"e-con-inner\">\n\t\t\t\t<div class=\"elementor-element elementor-element-05bd789 elementor-widget elementor-widget-heading\" data-id=\"05bd789\" data-element_type=\"widget\" data-e-type=\"widget\" data-widget_type=\"heading.default\">\n\t\t\t\t<div class=\"elementor-widget-container\">\n\t\t\t\t\t<p class=\"elementor-heading-title elementor-size-default\">dererer<\/p>\t\t\t\t<\/div>\n\t\t\t\t<\/div>\n\t\t\t\t\t<\/div>\n\t\t\t\t<\/div>\n\t\t<div class=\"elementor-element elementor-element-245818f e-flex e-con-boxed e-con e-parent\" data-id=\"245818f\" data-element_type=\"container\" data-e-type=\"container\">\n\t\t\t\t\t<div class=\"e-con-inner\">\n\t\t\t\t<div class=\"elementor-element elementor-element-3334205 elementor-widget elementor-widget-text-editor\" data-id=\"3334205\" data-element_type=\"widget\" data-e-type=\"widget\" data-widget_type=\"text-editor.default\">\n\t\t\t\t<div class=\"elementor-widget-container\">\n\t\t\t\t\t\t\t\t\t<p>Bildquelle: Elke Sauter mit KI<\/p>\t\t\t\t\t\t\t\t<\/div>\n\t\t\t\t<\/div>\n\t\t\t\t\t<\/div>\n\t\t\t\t<\/div>\n\t\t\t\t<\/div>\n\t\t","protected":false},"excerpt":{"rendered":"<p>Inklusiver Lauftreff F\u00fcr Menschen mit oder ohne Einschr\u00e4nkungen, mit oder ohne St\u00f6cke wollen wir uns zusammen bewegen. Kommen Sie und Schnuppern bei uns herein.\u00a0 Sie m\u00f6chten sicher gerne mehr bewegen? Sich fit halten?\u00a0 Dann kommen Sie vorbei &#8230; wir machen gemeinsam Sport.In Ihrem eigenen GEH\/ WALKING \/ LAUF Tempo. dererer Wann:\u00a0 \u00a0Dienstag 17.30 Uhr Wo:\u00a0 &hellip;<\/p>\n<p class=\"read-more\"> <a class=\"\" href=\"https:\/\/rehasportbrettenev.de\/index.php\/inklusiver-lauftreff\/\"> <span class=\"screen-reader-text\">Inklusiver Lauftreff<\/span> Weiterlesen &raquo;<\/a><\/p>\n","protected":false},"author":1,"featured_media":0,"parent":0,"menu_order":0,"comment_status":"closed","ping_status":"closed","template":"","meta":{"site-sidebar-layout":"no-sidebar","site-content-layout":"","ast-site-content-layout":"full-width-container","site-content-style":"default","site-sidebar-style":"default","ast-global-header-display":"","ast-banner-title-visibility":"","ast-main-header-display":"","ast-hfb-above-header-display":"","ast-hfb-below-header-display":"","ast-hfb-mobile-header-display":"","site-post-title":"disabled","ast-breadcrumbs-content":"","ast-featured-img":"disabled","footer-sml-layout":"","theme-transparent-header-meta":"","adv-header-id-meta":"","stick-header-meta":"","header-above-stick-meta":"","header-main-stick-meta":"","header-below-stick-meta":"","astra-migrate-meta-layouts":"","ast-page-background-enabled":"default","ast-page-background-meta":{"desktop":{"background-color":"var(--ast-global-color-4)","background-image":"","background-repeat":"repeat","background-position":"center center","background-size":"auto","background-attachment":"scroll","background-type":"","background-media":"","overlay-type":"","overlay-color":"","overlay-gradient":""},"tablet":{"background-color":"","background-image":"","background-repeat":"repeat","background-position":"center center","background-size":"auto","background-attachment":"scroll","background-type":"","background-media":"","overlay-type":"","overlay-color":"","overlay-gradient":""},"mobile":{"background-color":"","background-image":"","background-repeat":"repeat","background-position":"center center","background-size":"auto","background-attachment":"scroll","background-type":"","background-media":"","overlay-type":"","overlay-color":"","overlay-gradient":""}},"ast-content-background-meta":{"desktop":{"background-color":"var(--ast-global-color-5)","background-image":"","background-repeat":"repeat","background-position":"center center","background-size":"auto","background-attachment":"scroll","background-type":"","background-media":"","overlay-type":"","overlay-color":"","overlay-gradient":""},"tablet":{"background-color":"var(--ast-global-color-5)","background-image":"","background-repeat":"repeat","background-position":"center center","background-size":"auto","background-attachment":"scroll","background-type":"","background-media":"","overlay-type":"","overlay-color":"","overlay-gradient":""},"mobile":{"background-color":"var(--ast-global-color-5)","background-image":"","background-repeat":"repeat","background-position":"center center","background-size":"auto","background-attachment":"scroll","background-type":"","background-media":"","overlay-type":"","overlay-color":"","overlay-gradient":""}},"footnotes":""},"class_list":["post-116","page","type-page","status-publish","hentry"],"yoast_head":"<!-- This site is optimized with the Yoast SEO plugin v27.4 - https:\/\/yoast.com\/product\/yoast-seo-wordpress\/ -->\n<title>Inklusiver Lauftreff - RehaSportBretten e.V.<\/title>\n<meta name=\"robots\" content=\"index, follow, max-snippet:-1, max-image-preview:large, max-video-preview:-1\" \/>\n<link rel=\"canonical\" href=\"https:\/\/rehasportbrettenev.de\/index.php\/inklusiver-lauftreff\/\" \/>\n<meta property=\"og:locale\" content=\"de_DE\" \/>\n<meta property=\"og:type\" content=\"article\" \/>\n<meta property=\"og:title\" content=\"Inklusiver Lauftreff - RehaSportBretten e.V.\" \/>\n<meta property=\"og:description\" content=\"Inklusiver Lauftreff F\u00fcr Menschen mit oder ohne Einschr\u00e4nkungen, mit oder ohne St\u00f6cke wollen wir uns zusammen bewegen. Kommen Sie und Schnuppern bei uns herein.\u00a0 Sie m\u00f6chten sicher gerne mehr bewegen? Sich fit halten?\u00a0 Dann kommen Sie vorbei &#8230; wir machen gemeinsam Sport.In Ihrem eigenen GEH\/ WALKING \/ LAUF Tempo. dererer Wann:\u00a0 \u00a0Dienstag 17.30 Uhr Wo:\u00a0 &hellip; Inklusiver Lauftreff Weiterlesen &raquo;\" \/>\n<meta property=\"og:url\" content=\"https:\/\/rehasportbrettenev.de\/index.php\/inklusiver-lauftreff\/\" \/>\n<meta property=\"og:site_name\" content=\"RehaSportBretten e.V.\" \/>\n<meta property=\"article:modified_time\" content=\"2023-10-27T09:39:47+00:00\" \/>\n<meta property=\"og:image\" content=\"https:\/\/rehasportbrettenev.de\/wp-content\/uploads\/2023\/10\/Firefly-laeufer-menschen-mit-inklusion-68972-300x300.jpg\" \/>\n<meta name=\"twitter:card\" content=\"summary_large_image\" \/>\n<meta name=\"twitter:label1\" content=\"Gesch\u00e4tzte Lesezeit\" \/>\n\t<meta name=\"twitter:data1\" content=\"1\u00a0Minute\" \/>\n<script type=\"application\/ld+json\" class=\"yoast-schema-graph\">{\"@context\":\"https:\\\/\\\/schema.org\",\"@graph\":[{\"@type\":\"WebPage\",\"@id\":\"https:\\\/\\\/rehasportbrettenev.de\\\/index.php\\\/inklusiver-lauftreff\\\/\",\"url\":\"https:\\\/\\\/rehasportbrettenev.de\\\/index.php\\\/inklusiver-lauftreff\\\/\",\"name\":\"Inklusiver Lauftreff - RehaSportBretten e.V.\",\"isPartOf\":{\"@id\":\"https:\\\/\\\/rehasportbrettenev.de\\\/#website\"},\"primaryImageOfPage\":{\"@id\":\"https:\\\/\\\/rehasportbrettenev.de\\\/index.php\\\/inklusiver-lauftreff\\\/#primaryimage\"},\"image\":{\"@id\":\"https:\\\/\\\/rehasportbrettenev.de\\\/index.php\\\/inklusiver-lauftreff\\\/#primaryimage\"},\"thumbnailUrl\":\"https:\\\/\\\/rehasportbrettenev.de\\\/wp-content\\\/uploads\\\/2023\\\/10\\\/Firefly-laeufer-menschen-mit-inklusion-68972-300x300.jpg\",\"datePublished\":\"2023-10-06T08:05:22+00:00\",\"dateModified\":\"2023-10-27T09:39:47+00:00\",\"breadcrumb\":{\"@id\":\"https:\\\/\\\/rehasportbrettenev.de\\\/index.php\\\/inklusiver-lauftreff\\\/#breadcrumb\"},\"inLanguage\":\"de\",\"potentialAction\":[{\"@type\":\"ReadAction\",\"target\":[\"https:\\\/\\\/rehasportbrettenev.de\\\/index.php\\\/inklusiver-lauftreff\\\/\"]}]},{\"@type\":\"ImageObject\",\"inLanguage\":\"de\",\"@id\":\"https:\\\/\\\/rehasportbrettenev.de\\\/index.php\\\/inklusiver-lauftreff\\\/#primaryimage\",\"url\":\"https:\\\/\\\/rehasportbrettenev.de\\\/wp-content\\\/uploads\\\/2023\\\/10\\\/Firefly-laeufer-menschen-mit-inklusion-68972.jpg\",\"contentUrl\":\"https:\\\/\\\/rehasportbrettenev.de\\\/wp-content\\\/uploads\\\/2023\\\/10\\\/Firefly-laeufer-menschen-mit-inklusion-68972.jpg\",\"width\":1024,\"height\":1024},{\"@type\":\"BreadcrumbList\",\"@id\":\"https:\\\/\\\/rehasportbrettenev.de\\\/index.php\\\/inklusiver-lauftreff\\\/#breadcrumb\",\"itemListElement\":[{\"@type\":\"ListItem\",\"position\":1,\"name\":\"Startseite\",\"item\":\"https:\\\/\\\/rehasportbrettenev.de\\\/\"},{\"@type\":\"ListItem\",\"position\":2,\"name\":\"Inklusiver Lauftreff\"}]},{\"@type\":\"WebSite\",\"@id\":\"https:\\\/\\\/rehasportbrettenev.de\\\/#website\",\"url\":\"https:\\\/\\\/rehasportbrettenev.de\\\/\",\"name\":\"RehaSportBretten e.V.\",\"description\":\"\",\"publisher\":{\"@id\":\"https:\\\/\\\/rehasportbrettenev.de\\\/#organization\"},\"potentialAction\":[{\"@type\":\"SearchAction\",\"target\":{\"@type\":\"EntryPoint\",\"urlTemplate\":\"https:\\\/\\\/rehasportbrettenev.de\\\/?s={search_term_string}\"},\"query-input\":{\"@type\":\"PropertyValueSpecification\",\"valueRequired\":true,\"valueName\":\"search_term_string\"}}],\"inLanguage\":\"de\"},{\"@type\":\"Organization\",\"@id\":\"https:\\\/\\\/rehasportbrettenev.de\\\/#organization\",\"name\":\"RehaSportBretten e.V.\",\"url\":\"https:\\\/\\\/rehasportbrettenev.de\\\/\",\"logo\":{\"@type\":\"ImageObject\",\"inLanguage\":\"de\",\"@id\":\"https:\\\/\\\/rehasportbrettenev.de\\\/#\\\/schema\\\/logo\\\/image\\\/\",\"url\":\"https:\\\/\\\/rehasportbrettenev.de\\\/wp-content\\\/uploads\\\/2023\\\/10\\\/Screenshot-2023-10-20-135025.png\",\"contentUrl\":\"https:\\\/\\\/rehasportbrettenev.de\\\/wp-content\\\/uploads\\\/2023\\\/10\\\/Screenshot-2023-10-20-135025.png\",\"width\":288,\"height\":51,\"caption\":\"RehaSportBretten e.V.\"},\"image\":{\"@id\":\"https:\\\/\\\/rehasportbrettenev.de\\\/#\\\/schema\\\/logo\\\/image\\\/\"}}]}<\/script>\n<!-- \/ Yoast SEO plugin. -->","yoast_head_json":{"title":"Inklusiver Lauftreff - RehaSportBretten e.V.","robots":{"index":"index","follow":"follow","max-snippet":"max-snippet:-1","max-image-preview":"max-image-preview:large","max-video-preview":"max-video-preview:-1"},"canonical":"https:\/\/rehasportbrettenev.de\/index.php\/inklusiver-lauftreff\/","og_locale":"de_DE","og_type":"article","og_title":"Inklusiver Lauftreff - RehaSportBretten e.V.","og_description":"Inklusiver Lauftreff F\u00fcr Menschen mit oder ohne Einschr\u00e4nkungen, mit oder ohne St\u00f6cke wollen wir uns zusammen bewegen. Kommen Sie und Schnuppern bei uns herein.\u00a0 Sie m\u00f6chten sicher gerne mehr bewegen? Sich fit halten?\u00a0 Dann kommen Sie vorbei &#8230; wir machen gemeinsam Sport.In Ihrem eigenen GEH\/ WALKING \/ LAUF Tempo. dererer Wann:\u00a0 \u00a0Dienstag 17.30 Uhr Wo:\u00a0 &hellip; Inklusiver Lauftreff Weiterlesen &raquo;","og_url":"https:\/\/rehasportbrettenev.de\/index.php\/inklusiver-lauftreff\/","og_site_name":"RehaSportBretten e.V.","article_modified_time":"2023-10-27T09:39:47+00:00","og_image":[{"url":"https:\/\/rehasportbrettenev.de\/wp-content\/uploads\/2023\/10\/Firefly-laeufer-menschen-mit-inklusion-68972-300x300.jpg","type":"","width":"","height":""}],"twitter_card":"summary_large_image","twitter_misc":{"Gesch\u00e4tzte Lesezeit":"1\u00a0Minute"},"schema":{"@context":"https:\/\/schema.org","@graph":[{"@type":"WebPage","@id":"https:\/\/rehasportbrettenev.de\/index.php\/inklusiver-lauftreff\/","url":"https:\/\/rehasportbrettenev.de\/index.php\/inklusiver-lauftreff\/","name":"Inklusiver Lauftreff - RehaSportBretten e.V.","isPartOf":{"@id":"https:\/\/rehasportbrettenev.de\/#website"},"primaryImageOfPage":{"@id":"https:\/\/rehasportbrettenev.de\/index.php\/inklusiver-lauftreff\/#primaryimage"},"image":{"@id":"https:\/\/rehasportbrettenev.de\/index.php\/inklusiver-lauftreff\/#primaryimage"},"thumbnailUrl":"https:\/\/rehasportbrettenev.de\/wp-content\/uploads\/2023\/10\/Firefly-laeufer-menschen-mit-inklusion-68972-300x300.jpg","datePublished":"2023-10-06T08:05:22+00:00","dateModified":"2023-10-27T09:39:47+00:00","breadcrumb":{"@id":"https:\/\/rehasportbrettenev.de\/index.php\/inklusiver-lauftreff\/#breadcrumb"},"inLanguage":"de","potentialAction":[{"@type":"ReadAction","target":["https:\/\/rehasportbrettenev.de\/index.php\/inklusiver-lauftreff\/"]}]},{"@type":"ImageObject","inLanguage":"de","@id":"https:\/\/rehasportbrettenev.de\/index.php\/inklusiver-lauftreff\/#primaryimage","url":"https:\/\/rehasportbrettenev.de\/wp-content\/uploads\/2023\/10\/Firefly-laeufer-menschen-mit-inklusion-68972.jpg","contentUrl":"https:\/\/rehasportbrettenev.de\/wp-content\/uploads\/2023\/10\/Firefly-laeufer-menschen-mit-inklusion-68972.jpg","width":1024,"height":1024},{"@type":"BreadcrumbList","@id":"https:\/\/rehasportbrettenev.de\/index.php\/inklusiver-lauftreff\/#breadcrumb","itemListElement":[{"@type":"ListItem","position":1,"name":"Startseite","item":"https:\/\/rehasportbrettenev.de\/"},{"@type":"ListItem","position":2,"name":"Inklusiver Lauftreff"}]},{"@type":"WebSite","@id":"https:\/\/rehasportbrettenev.de\/#website","url":"https:\/\/rehasportbrettenev.de\/","name":"RehaSportBretten e.V.","description":"","publisher":{"@id":"https:\/\/rehasportbrettenev.de\/#organization"},"potentialAction":[{"@type":"SearchAction","target":{"@type":"EntryPoint","urlTemplate":"https:\/\/rehasportbrettenev.de\/?s={search_term_string}"},"query-input":{"@type":"PropertyValueSpecification","valueRequired":true,"valueName":"search_term_string"}}],"inLanguage":"de"},{"@type":"Organization","@id":"https:\/\/rehasportbrettenev.de\/#organization","name":"RehaSportBretten e.V.","url":"https:\/\/rehasportbrettenev.de\/","logo":{"@type":"ImageObject","inLanguage":"de","@id":"https:\/\/rehasportbrettenev.de\/#\/schema\/logo\/image\/","url":"https:\/\/rehasportbrettenev.de\/wp-content\/uploads\/2023\/10\/Screenshot-2023-10-20-135025.png","contentUrl":"https:\/\/rehasportbrettenev.de\/wp-content\/uploads\/2023\/10\/Screenshot-2023-10-20-135025.png","width":288,"height":51,"caption":"RehaSportBretten e.V."},"image":{"@id":"https:\/\/rehasportbrettenev.de\/#\/schema\/logo\/image\/"}}]}},"_links":{"self":[{"href":"https:\/\/rehasportbrettenev.de\/index.php\/wp-json\/wp\/v2\/pages\/116","targetHints":{"allow":["GET"]}}],"collection":[{"href":"https:\/\/rehasportbrettenev.de\/index.php\/wp-json\/wp\/v2\/pages"}],"about":[{"href":"https:\/\/rehasportbrettenev.de\/index.php\/wp-json\/wp\/v2\/types\/page"}],"author":[{"embeddable":true,"href":"https:\/\/rehasportbrettenev.de\/index.php\/wp-json\/wp\/v2\/users\/1"}],"replies":[{"embeddable":true,"href":"https:\/\/rehasportbrettenev.de\/index.php\/wp-json\/wp\/v2\/comments?post=116"}],"version-history":[{"count":73,"href":"https:\/\/rehasportbrettenev.de\/index.php\/wp-json\/wp\/v2\/pages\/116\/revisions"}],"predecessor-version":[{"id":427,"href":"https:\/\/rehasportbrettenev.de\/index.php\/wp-json\/wp\/v2\/pages\/116\/revisions\/427"}],"wp:attachment":[{"href":"https:\/\/rehasportbrettenev.de\/index.php\/wp-json\/wp\/v2\/media?parent=116"}],"curies":[{"name":"wp","href":"https:\/\/api.w.org\/{rel}","templated":true}]}}